{"id":11,"date":"2023-07-26T02:32:32","date_gmt":"2023-07-26T05:32:32","guid":{"rendered":"https:\/\/fenixchaveiro24horas.com.br\/?page_id=11"},"modified":"2023-10-30T16:40:58","modified_gmt":"2023-10-30T19:40:58","slug":"11-2","status":"publish","type":"page","link":"https:\/\/fenixchaveiro24horas.com.br\/","title":{"rendered":"F\u00eanix Chaveiro 24 Horas"},"content":{"rendered":"\t\t<div data-elementor-type=\"wp-page\" data-elementor-id=\"11\" class=\"elementor elementor-11\">\n\t\t\t\t<div class=\"elementor-element elementor-element-117c3a5 e-flex e-con-boxed e-con e-parent\" data-id=\"117c3a5\" data-element_type=\"container\" data-settings=\"{&quot;background_background&quot;:&quot;classic&quot;}\">\n\t\t\t\t\t<div class=\"e-con-inner\">\n\t\t\t\t<div class=\"elementor-element elementor-element-33bee86 elementor-widget__width-inherit elementor-widget elementor-widget-image\" data-id=\"33bee86\" data-element_type=\"widget\" data-widget_type=\"image.default\">\n\t\t\t\t<div class=\"elementor-widget-container\">\n\t\t\t<style>\/*! elementor - v3.21.0 - 24-04-2024 *\/\n.elementor-widget-image{text-align:center}.elementor-widget-image a{display:inline-block}.elementor-widget-image a img[src$=\".svg\"]{width:48px}.elementor-widget-image img{vertical-align:middle;display:inline-block}<\/style>\t\t\t\t\t\t\t\t\t\t<img fetchpriority=\"high\" decoding=\"async\" width=\"300\" height=\"300\" src=\"https:\/\/fenixchaveiro24horas.com.br\/wp-content\/uploads\/2023\/08\/LOGO-FENIX-CHAVEIR0-300x300.png\" class=\"attachment-medium size-medium wp-image-253\" alt=\"\" srcset=\"https:\/\/fenixchaveiro24horas.com.br\/wp-content\/uploads\/2023\/08\/LOGO-FENIX-CHAVEIR0-300x300.png 300w, https:\/\/fenixchaveiro24horas.com.br\/wp-content\/uploads\/2023\/08\/LOGO-FENIX-CHAVEIR0-1024x1024.png 1024w, https:\/\/fenixchaveiro24horas.com.br\/wp-content\/uploads\/2023\/08\/LOGO-FENIX-CHAVEIR0-150x150.png 150w, https:\/\/fenixchaveiro24horas.com.br\/wp-content\/uploads\/2023\/08\/LOGO-FENIX-CHAVEIR0-768x768.png 768w, https:\/\/fenixchaveiro24horas.com.br\/wp-content\/uploads\/2023\/08\/LOGO-FENIX-CHAVEIR0.png 1080w\" sizes=\"(max-width: 300px) 100vw, 300px\" \/>\t\t\t\t\t\t\t\t\t\t\t\t\t<\/div>\n\t\t\t\t<\/div>\n\t\t\t\t<div class=\"elementor-element elementor-element-12e6af7 elementor-widget__width-inherit elementor-widget elementor-widget-heading\" data-id=\"12e6af7\" data-element_type=\"widget\" data-widget_type=\"heading.default\">\n\t\t\t\t<div class=\"elementor-widget-container\">\n\t\t\t<style>\/*! elementor - v3.21.0 - 24-04-2024 *\/\n.elementor-heading-title{padding:0;margin:0;line-height:1}.elementor-widget-heading .elementor-heading-title[class*=elementor-size-]>a{color:inherit;font-size:inherit;line-height:inherit}.elementor-widget-heading .elementor-heading-title.elementor-size-small{font-size:15px}.elementor-widget-heading .elementor-heading-title.elementor-size-medium{font-size:19px}.elementor-widget-heading .elementor-heading-title.elementor-size-large{font-size:29px}.elementor-widget-heading .elementor-heading-title.elementor-size-xl{font-size:39px}.elementor-widget-heading .elementor-heading-title.elementor-size-xxl{font-size:59px}<\/style><h2 class=\"elementor-heading-title elementor-size-default\">Atendemos em todo Rio de Janeiro!<\/h2>\t\t<\/div>\n\t\t\t\t<\/div>\n\t\t\t\t<div class=\"elementor-element elementor-element-867ccec elementor-widget__width-inherit elementor-widget elementor-widget-heading\" data-id=\"867ccec\" data-element_type=\"widget\" data-widget_type=\"heading.default\">\n\t\t\t\t<div class=\"elementor-widget-container\">\n\t\t\t<h2 class=\"elementor-heading-title elementor-size-default\">- ABERTURA EM GERAL - INSTALA\u00c7\u00c3O DE FECHADURA - TROCA DE SEGREDO<\/h2>\t\t<\/div>\n\t\t\t\t<\/div>\n\t\t\t\t<div class=\"elementor-element elementor-element-f87edf4 elementor-align-center elementor-widget__width-initial elementor-widget-mobile__width-inherit elementor-widget elementor-widget-button\" data-id=\"f87edf4\" data-element_type=\"widget\" data-settings=\"{&quot;_animation&quot;:&quot;none&quot;}\" data-widget_type=\"button.default\">\n\t\t\t\t<div class=\"elementor-widget-container\">\n\t\t\t\t\t<div class=\"elementor-button-wrapper\">\n\t\t\t<a class=\"elementor-button elementor-button-link elementor-size-md\" href=\"tel:997595816\">\n\t\t\t\t\t\t<span class=\"elementor-button-content-wrapper\">\n\t\t\t\t\t\t<span class=\"elementor-button-icon elementor-align-icon-left\">\n\t\t\t\t<i aria-hidden=\"true\" class=\"fas fa-phone-alt\"><\/i>\t\t\t<\/span>\n\t\t\t\t\t\t\t\t\t<span class=\"elementor-button-text\">LIGUE AGORA<\/span>\n\t\t\t\t\t<\/span>\n\t\t\t\t\t<\/a>\n\t\t<\/div>\n\t\t\t\t<\/div>\n\t\t\t\t<\/div>\n\t\t\t\t<div class=\"elementor-element elementor-element-4e760be elementor-align-center elementor-widget__width-initial elementor-widget-mobile__width-inherit elementor-widget elementor-widget-button\" data-id=\"4e760be\" data-element_type=\"widget\" data-widget_type=\"button.default\">\n\t\t\t\t<div class=\"elementor-widget-container\">\n\t\t\t\t\t<div class=\"elementor-button-wrapper\">\n\t\t\t<a class=\"elementor-button elementor-button-link elementor-size-md\" href=\"https:\/\/wa.me\/5521997595816?text=Ol%C3%A1%2C+venho+direto+do+site.+F%C3%AAnix+Chaveiro+24+Horas+preciso+de+ajuda+%21\">\n\t\t\t\t\t\t<span class=\"elementor-button-content-wrapper\">\n\t\t\t\t\t\t<span class=\"elementor-button-icon elementor-align-icon-left\">\n\t\t\t\t<i aria-hidden=\"true\" class=\"fab fa-whatsapp\"><\/i>\t\t\t<\/span>\n\t\t\t\t\t\t\t\t\t<span class=\"elementor-button-text\">Whatsapp<\/span>\n\t\t\t\t\t<\/span>\n\t\t\t\t\t<\/a>\n\t\t<\/div>\n\t\t\t\t<\/div>\n\t\t\t\t<\/div>\n\t\t\t\t\t<\/div>\n\t\t\t\t<\/div>\n\t\t<div class=\"elementor-element elementor-element-bffaca3 e-flex e-con-boxed e-con e-parent\" data-id=\"bffaca3\" data-element_type=\"container\" data-settings=\"{&quot;background_background&quot;:&quot;gradient&quot;}\">\n\t\t\t\t\t<div class=\"e-con-inner\">\n\t\t\t\t<div class=\"elementor-element elementor-element-62423d3 elementor-position-top elementor-widget elementor-widget-image-box\" data-id=\"62423d3\" data-element_type=\"widget\" data-widget_type=\"image-box.default\">\n\t\t\t\t<div class=\"elementor-widget-container\">\n\t\t\t<style>\/*! elementor - v3.21.0 - 24-04-2024 *\/\n.elementor-widget-image-box .elementor-image-box-content{width:100%}@media (min-width:768px){.elementor-widget-image-box.elementor-position-left .elementor-image-box-wrapper,.elementor-widget-image-box.elementor-position-right .elementor-image-box-wrapper{display:flex}.elementor-widget-image-box.elementor-position-right .elementor-image-box-wrapper{text-align:end;flex-direction:row-reverse}.elementor-widget-image-box.elementor-position-left .elementor-image-box-wrapper{text-align:start;flex-direction:row}.elementor-widget-image-box.elementor-position-top .elementor-image-box-img{margin:auto}.elementor-widget-image-box.elementor-vertical-align-top .elementor-image-box-wrapper{align-items:flex-start}.elementor-widget-image-box.elementor-vertical-align-middle .elementor-image-box-wrapper{align-items:center}.elementor-widget-image-box.elementor-vertical-align-bottom .elementor-image-box-wrapper{align-items:flex-end}}@media (max-width:767px){.elementor-widget-image-box .elementor-image-box-img{margin-left:auto!important;margin-right:auto!important;margin-bottom:15px}}.elementor-widget-image-box .elementor-image-box-img{display:inline-block}.elementor-widget-image-box .elementor-image-box-title a{color:inherit}.elementor-widget-image-box .elementor-image-box-wrapper{text-align:center}.elementor-widget-image-box .elementor-image-box-description{margin:0}<\/style><div class=\"elementor-image-box-wrapper\"><figure class=\"elementor-image-box-img\"><img decoding=\"async\" width=\"1080\" height=\"1080\" src=\"https:\/\/fenixchaveiro24horas.com.br\/wp-content\/uploads\/2023\/08\/Design-sem-nome-70.png\" class=\"attachment-full size-full wp-image-258\" alt=\"\" srcset=\"https:\/\/fenixchaveiro24horas.com.br\/wp-content\/uploads\/2023\/08\/Design-sem-nome-70.png 1080w, https:\/\/fenixchaveiro24horas.com.br\/wp-content\/uploads\/2023\/08\/Design-sem-nome-70-300x300.png 300w, https:\/\/fenixchaveiro24horas.com.br\/wp-content\/uploads\/2023\/08\/Design-sem-nome-70-1024x1024.png 1024w, https:\/\/fenixchaveiro24horas.com.br\/wp-content\/uploads\/2023\/08\/Design-sem-nome-70-150x150.png 150w, https:\/\/fenixchaveiro24horas.com.br\/wp-content\/uploads\/2023\/08\/Design-sem-nome-70-768x768.png 768w\" sizes=\"(max-width: 1080px) 100vw, 1080px\" \/><\/figure><div class=\"elementor-image-box-content\"><h3 class=\"elementor-image-box-title\">Emerg\u00eancia<\/h3><p class=\"elementor-image-box-description\">Abertura de portas, troca de segredos, instala\u00e7\u00e3o de fechaduras normais e eletr\u00f4nicas, abertura de carros, chaves codificadas e cofres. Oferecemos garantia de todos os servi\u00e7os prestados e nota fiscal.<\/p><\/div><\/div>\t\t<\/div>\n\t\t\t\t<\/div>\n\t\t\t\t\t<\/div>\n\t\t\t\t<\/div>\n\t\t<div class=\"elementor-element elementor-element-5dae876 e-flex e-con-boxed e-con e-parent\" data-id=\"5dae876\" data-element_type=\"container\">\n\t\t\t\t\t<div class=\"e-con-inner\">\n\t\t\t\t<div class=\"elementor-element elementor-element-f5ca0dc elementor-widget__width-inherit elementor-position-top elementor-widget elementor-widget-image-box\" data-id=\"f5ca0dc\" data-element_type=\"widget\" data-widget_type=\"image-box.default\">\n\t\t\t\t<div class=\"elementor-widget-container\">\n\t\t\t<div class=\"elementor-image-box-wrapper\"><figure class=\"elementor-image-box-img\"><img decoding=\"async\" width=\"1024\" height=\"1024\" src=\"https:\/\/fenixchaveiro24horas.com.br\/wp-content\/uploads\/2023\/08\/Design-sem-nome-68-1024x1024.png\" class=\"attachment-large size-large wp-image-256\" alt=\"\" srcset=\"https:\/\/fenixchaveiro24horas.com.br\/wp-content\/uploads\/2023\/08\/Design-sem-nome-68-1024x1024.png 1024w, https:\/\/fenixchaveiro24horas.com.br\/wp-content\/uploads\/2023\/08\/Design-sem-nome-68-300x300.png 300w, https:\/\/fenixchaveiro24horas.com.br\/wp-content\/uploads\/2023\/08\/Design-sem-nome-68-150x150.png 150w, https:\/\/fenixchaveiro24horas.com.br\/wp-content\/uploads\/2023\/08\/Design-sem-nome-68-768x768.png 768w, https:\/\/fenixchaveiro24horas.com.br\/wp-content\/uploads\/2023\/08\/Design-sem-nome-68.png 1080w\" sizes=\"(max-width: 1024px) 100vw, 1024px\" \/><\/figure><div class=\"elementor-image-box-content\"><h3 class=\"elementor-image-box-title\">Atendimento Imediato<\/h3><p class=\"elementor-image-box-description\">Atendemos todos os bairros do Rio de Janeiro: Copacabana; Ipanema; Leblon; Leme; Humait\u00e1; Laranjeiras; Botafogo; Flamengo; Gl\u00f3ria; Centro RJ; Lapa; Catete; Santa Teresa; Rio Comprido; Tijuca; Meier; Vila Isabel; Barra da Tijuca, dentre outros... Tempo de chegada de 15 a 30 minutos.<\/p><\/div><\/div>\t\t<\/div>\n\t\t\t\t<\/div>\n\t\t\t\t\t<\/div>\n\t\t\t\t<\/div>\n\t\t<div class=\"elementor-element elementor-element-cec9f11 e-flex e-con-boxed e-con e-parent\" data-id=\"cec9f11\" data-element_type=\"container\" data-settings=\"{&quot;background_background&quot;:&quot;gradient&quot;}\">\n\t\t\t\t\t<div class=\"e-con-inner\">\n\t\t\t\t<div class=\"elementor-element elementor-element-6750701f elementor-widget__width-inherit elementor-widget elementor-widget-heading\" data-id=\"6750701f\" data-element_type=\"widget\" data-widget_type=\"heading.default\">\n\t\t\t\t<div class=\"elementor-widget-container\">\n\t\t\t<h3 class=\"elementor-heading-title elementor-size-default\">Nossos Servi\u00e7os<\/h3>\t\t<\/div>\n\t\t\t\t<\/div>\n\t\t\t\t\t<\/div>\n\t\t\t\t<\/div>\n\t\t<div class=\"elementor-element elementor-element-7bac678 e-flex e-con-boxed e-con e-parent\" data-id=\"7bac678\" data-element_type=\"container\">\n\t\t\t\t\t<div class=\"e-con-inner\">\n\t\t\t\t<div class=\"elementor-element elementor-element-0e96cfb elementor-widget__width-initial elementor-widget-mobile__width-inherit elementor-position-top elementor-widget elementor-widget-image-box\" data-id=\"0e96cfb\" data-element_type=\"widget\" data-widget_type=\"image-box.default\">\n\t\t\t\t<div class=\"elementor-widget-container\">\n\t\t\t<div class=\"elementor-image-box-wrapper\"><figure class=\"elementor-image-box-img\"><img loading=\"lazy\" decoding=\"async\" width=\"300\" height=\"200\" src=\"https:\/\/fenixchaveiro24horas.com.br\/wp-content\/uploads\/2023\/07\/istockphoto-813694826-612x612-1-300x200.jpg\" class=\"attachment-medium size-medium wp-image-36\" alt=\"\" srcset=\"https:\/\/fenixchaveiro24horas.com.br\/wp-content\/uploads\/2023\/07\/istockphoto-813694826-612x612-1-300x200.jpg 300w, https:\/\/fenixchaveiro24horas.com.br\/wp-content\/uploads\/2023\/07\/istockphoto-813694826-612x612-1.jpg 612w\" sizes=\"(max-width: 300px) 100vw, 300px\" \/><\/figure><div class=\"elementor-image-box-content\"><h3 class=\"elementor-image-box-title\">Abertura de Portas<\/h3><p class=\"elementor-image-box-description\">Portas batidas todos<br>os modelos.<\/p><\/div><\/div>\t\t<\/div>\n\t\t\t\t<\/div>\n\t\t\t\t<div class=\"elementor-element elementor-element-df8d79a elementor-widget__width-initial elementor-widget-mobile__width-inherit elementor-position-top elementor-widget elementor-widget-image-box\" data-id=\"df8d79a\" data-element_type=\"widget\" data-widget_type=\"image-box.default\">\n\t\t\t\t<div class=\"elementor-widget-container\">\n\t\t\t<div class=\"elementor-image-box-wrapper\"><figure class=\"elementor-image-box-img\"><img loading=\"lazy\" decoding=\"async\" width=\"275\" height=\"183\" src=\"https:\/\/fenixchaveiro24horas.com.br\/wp-content\/uploads\/2023\/07\/images.jpg\" class=\"attachment-medium size-medium wp-image-37\" alt=\"\" \/><\/figure><div class=\"elementor-image-box-content\"><h3 class=\"elementor-image-box-title\">Troca de Segredo<\/h3><p class=\"elementor-image-box-description\">Mudamos o segredo <br>da sua fechadura<\/p><\/div><\/div>\t\t<\/div>\n\t\t\t\t<\/div>\n\t\t\t\t<div class=\"elementor-element elementor-element-3ebd647 elementor-widget__width-initial elementor-widget-mobile__width-inherit elementor-position-top elementor-widget elementor-widget-image-box\" data-id=\"3ebd647\" data-element_type=\"widget\" data-widget_type=\"image-box.default\">\n\t\t\t\t<div class=\"elementor-widget-container\">\n\t\t\t<div class=\"elementor-image-box-wrapper\"><figure class=\"elementor-image-box-img\"><img loading=\"lazy\" decoding=\"async\" width=\"300\" height=\"200\" src=\"https:\/\/fenixchaveiro24horas.com.br\/wp-content\/uploads\/2023\/07\/istockphoto-591419188-612x612-1-300x200.jpg\" class=\"attachment-medium size-medium wp-image-38\" alt=\"\" srcset=\"https:\/\/fenixchaveiro24horas.com.br\/wp-content\/uploads\/2023\/07\/istockphoto-591419188-612x612-1-300x200.jpg 300w, https:\/\/fenixchaveiro24horas.com.br\/wp-content\/uploads\/2023\/07\/istockphoto-591419188-612x612-1.jpg 612w\" sizes=\"(max-width: 300px) 100vw, 300px\" \/><\/figure><div class=\"elementor-image-box-content\"><h3 class=\"elementor-image-box-title\">Abertura de Carro<\/h3><p class=\"elementor-image-box-description\">Bateu a porta com a chave dentro ou perdeu sua chave.<\/p><\/div><\/div>\t\t<\/div>\n\t\t\t\t<\/div>\n\t\t\t\t<div class=\"elementor-element elementor-element-da9f5ea elementor-widget__width-initial elementor-widget-mobile__width-inherit elementor-position-top elementor-widget elementor-widget-image-box\" data-id=\"da9f5ea\" data-element_type=\"widget\" data-widget_type=\"image-box.default\">\n\t\t\t\t<div class=\"elementor-widget-container\">\n\t\t\t<div class=\"elementor-image-box-wrapper\"><figure class=\"elementor-image-box-img\"><img loading=\"lazy\" decoding=\"async\" width=\"300\" height=\"200\" src=\"https:\/\/fenixchaveiro24horas.com.br\/wp-content\/uploads\/2023\/08\/Aprenda-a-trocar-a-fechadura-da-porta-003-300x200.jpeg\" class=\"attachment-medium size-medium wp-image-259\" alt=\"\" srcset=\"https:\/\/fenixchaveiro24horas.com.br\/wp-content\/uploads\/2023\/08\/Aprenda-a-trocar-a-fechadura-da-porta-003-300x200.jpeg 300w, https:\/\/fenixchaveiro24horas.com.br\/wp-content\/uploads\/2023\/08\/Aprenda-a-trocar-a-fechadura-da-porta-003.jpeg 590w\" sizes=\"(max-width: 300px) 100vw, 300px\" \/><\/figure><div class=\"elementor-image-box-content\"><h3 class=\"elementor-image-box-title\">Instala\u00e7\u00e3o de Fechaduras<\/h3><p class=\"elementor-image-box-description\">Instalamos fechaduras de todas as marcas.<\/p><\/div><\/div>\t\t<\/div>\n\t\t\t\t<\/div>\n\t\t\t\t<div class=\"elementor-element elementor-element-10d0061 elementor-widget__width-initial elementor-widget-mobile__width-inherit elementor-position-top elementor-widget elementor-widget-image-box\" data-id=\"10d0061\" data-element_type=\"widget\" data-widget_type=\"image-box.default\">\n\t\t\t\t<div class=\"elementor-widget-container\">\n\t\t\t<div class=\"elementor-image-box-wrapper\"><figure class=\"elementor-image-box-img\"><img loading=\"lazy\" decoding=\"async\" width=\"300\" height=\"205\" src=\"https:\/\/fenixchaveiro24horas.com.br\/wp-content\/uploads\/2023\/08\/Design-sem-nome-28-300x205.jpg\" class=\"attachment-medium size-medium wp-image-260\" alt=\"\" srcset=\"https:\/\/fenixchaveiro24horas.com.br\/wp-content\/uploads\/2023\/08\/Design-sem-nome-28-300x205.jpg 300w, https:\/\/fenixchaveiro24horas.com.br\/wp-content\/uploads\/2023\/08\/Design-sem-nome-28.jpg 700w\" sizes=\"(max-width: 300px) 100vw, 300px\" \/><\/figure><div class=\"elementor-image-box-content\"><h3 class=\"elementor-image-box-title\">Chaves para <br>carros nacionais e internacionais.<\/h3><p class=\"elementor-image-box-description\">Configura\u00e7\u00e3o de c\u00f3digos<br>troca de chip's e c\u00f3pias.<\/p><\/div><\/div>\t\t<\/div>\n\t\t\t\t<\/div>\n\t\t\t\t<div class=\"elementor-element elementor-element-af735bf elementor-widget__width-initial elementor-widget-mobile__width-inherit elementor-position-top elementor-widget elementor-widget-image-box\" data-id=\"af735bf\" data-element_type=\"widget\" data-widget_type=\"image-box.default\">\n\t\t\t\t<div class=\"elementor-widget-container\">\n\t\t\t<div class=\"elementor-image-box-wrapper\"><figure class=\"elementor-image-box-img\"><img loading=\"lazy\" decoding=\"async\" width=\"300\" height=\"205\" src=\"https:\/\/fenixchaveiro24horas.com.br\/wp-content\/uploads\/2023\/07\/como-escolher-fechadura-digital-300x205.jpg\" class=\"attachment-medium size-medium wp-image-39\" alt=\"\" srcset=\"https:\/\/fenixchaveiro24horas.com.br\/wp-content\/uploads\/2023\/07\/como-escolher-fechadura-digital-300x205.jpg 300w, https:\/\/fenixchaveiro24horas.com.br\/wp-content\/uploads\/2023\/07\/como-escolher-fechadura-digital.jpg 700w\" sizes=\"(max-width: 300px) 100vw, 300px\" \/><\/figure><div class=\"elementor-image-box-content\"><h3 class=\"elementor-image-box-title\">Fechaduras Eletr\u00f4nicas<\/h3><p class=\"elementor-image-box-description\">Instalamos fechaduras <br>digitais, fazemos reparos e manunte\u00e7\u00e3o.<\/p><\/div><\/div>\t\t<\/div>\n\t\t\t\t<\/div>\n\t\t\t\t\t<\/div>\n\t\t\t\t<\/div>\n\t\t<div class=\"elementor-element elementor-element-57175d3 e-flex e-con-boxed e-con e-parent\" data-id=\"57175d3\" data-element_type=\"container\">\n\t\t\t\t\t<div class=\"e-con-inner\">\n\t\t\t\t<div class=\"elementor-element elementor-element-5b683054 elementor-widget__width-initial elementor-widget elementor-widget-heading\" data-id=\"5b683054\" data-element_type=\"widget\" data-widget_type=\"heading.default\">\n\t\t\t\t<div class=\"elementor-widget-container\">\n\t\t\t<h3 class=\"elementor-heading-title elementor-size-default\">Estamos a mais de <br>15 anos no mercado.<\/h3>\t\t<\/div>\n\t\t\t\t<\/div>\n\t\t<div class=\"elementor-element elementor-element-6df4e067 e-con-full e-flex e-con e-child\" data-id=\"6df4e067\" data-element_type=\"container\">\n\t\t\t\t<div class=\"elementor-element elementor-element-3b8ddee3 elementor-widget__width-initial elementor-widget elementor-widget-icon-box\" data-id=\"3b8ddee3\" data-element_type=\"widget\" data-widget_type=\"icon-box.default\">\n\t\t\t\t<div class=\"elementor-widget-container\">\n\t\t\t<link rel=\"stylesheet\" href=\"https:\/\/fenixchaveiro24horas.com.br\/wp-content\/plugins\/elementor\/assets\/css\/widget-icon-box.min.css\">\t\t<div class=\"elementor-icon-box-wrapper\">\n\n\t\t\t\n\t\t\t\t\t\t<div class=\"elementor-icon-box-content\">\n\n\t\t\t\t\n\t\t\t\t\t\t\t\t\t<p class=\"elementor-icon-box-description\">\n\t\t\t\t\t\tGarantia de 90 dias para todos servi\u00e7os prestados.\t\t\t\t\t<\/p>\n\t\t\t\t\n\t\t\t<\/div>\n\t\t\t\n\t\t<\/div>\n\t\t\t\t<\/div>\n\t\t\t\t<\/div>\n\t\t\t\t<div class=\"elementor-element elementor-element-26dc5d12 elementor-widget__width-initial elementor-widget elementor-widget-icon-box\" data-id=\"26dc5d12\" data-element_type=\"widget\" data-widget_type=\"icon-box.default\">\n\t\t\t\t<div class=\"elementor-widget-container\">\n\t\t\t\t\t<div class=\"elementor-icon-box-wrapper\">\n\n\t\t\t\n\t\t\t\t\t\t<div class=\"elementor-icon-box-content\">\n\n\t\t\t\t\n\t\t\t\t\t\t\t\t\t<p class=\"elementor-icon-box-description\">\n\t\t\t\t\t\tEmitimos nota fiscal.\t\t\t\t\t<\/p>\n\t\t\t\t\n\t\t\t<\/div>\n\t\t\t\n\t\t<\/div>\n\t\t\t\t<\/div>\n\t\t\t\t<\/div>\n\t\t\t\t<div class=\"elementor-element elementor-element-23b3cb27 elementor-widget__width-initial elementor-widget elementor-widget-icon-box\" data-id=\"23b3cb27\" data-element_type=\"widget\" data-widget_type=\"icon-box.default\">\n\t\t\t\t<div class=\"elementor-widget-container\">\n\t\t\t\t\t<div class=\"elementor-icon-box-wrapper\">\n\n\t\t\t\n\t\t\t\t\t\t<div class=\"elementor-icon-box-content\">\n\n\t\t\t\t\n\t\t\t\t\t\t\t\t\t<p class=\"elementor-icon-box-description\">\n\t\t\t\t\t\tProfissionais em todos os bairros do Rio de Janeiro.\n\t\t\t\t\t<\/p>\n\t\t\t\t\n\t\t\t<\/div>\n\t\t\t\n\t\t<\/div>\n\t\t\t\t<\/div>\n\t\t\t\t<\/div>\n\t\t\t\t<div class=\"elementor-element elementor-element-52aa1549 elementor-widget__width-initial elementor-widget elementor-widget-icon-box\" data-id=\"52aa1549\" data-element_type=\"widget\" data-widget_type=\"icon-box.default\">\n\t\t\t\t<div class=\"elementor-widget-container\">\n\t\t\t\t\t<div class=\"elementor-icon-box-wrapper\">\n\n\t\t\t\n\t\t\t\t\t\t<div class=\"elementor-icon-box-content\">\n\n\t\t\t\t\n\t\t\t\t\t\t\t\t\t<p class=\"elementor-icon-box-description\">\n\t\t\t\t\t\tAtendimento 24 Horas Todos os dias da semana e finais de semanas.<br>\t\t\t\t\t<\/p>\n\t\t\t\t\n\t\t\t<\/div>\n\t\t\t\n\t\t<\/div>\n\t\t\t\t<\/div>\n\t\t\t\t<\/div>\n\t\t\t\t<\/div>\n\t\t\t\t\t<\/div>\n\t\t\t\t<\/div>\n\t\t<div class=\"elementor-element elementor-element-be13a75 e-flex e-con-boxed e-con e-parent\" data-id=\"be13a75\" data-element_type=\"container\" data-settings=\"{&quot;background_background&quot;:&quot;gradient&quot;}\">\n\t\t\t\t\t<div class=\"e-con-inner\">\n\t\t\t\t<div class=\"elementor-element elementor-element-7b456f47 elementor-widget__width-initial elementor-widget elementor-widget-heading\" data-id=\"7b456f47\" data-element_type=\"widget\" data-widget_type=\"heading.default\">\n\t\t\t\t<div class=\"elementor-widget-container\">\n\t\t\t<h3 class=\"elementor-heading-title elementor-size-default\">(21) 99759-5816\n<\/h3>\t\t<\/div>\n\t\t\t\t<\/div>\n\t\t\t\t<div class=\"elementor-element elementor-element-32c0ee3 elementor-widget__width-initial elementor-widget elementor-widget-heading\" data-id=\"32c0ee3\" data-element_type=\"widget\" data-widget_type=\"heading.default\">\n\t\t\t\t<div class=\"elementor-widget-container\">\n\t\t\t<h3 class=\"elementor-heading-title elementor-size-default\">Atendemos:<\/h3>\t\t<\/div>\n\t\t\t\t<\/div>\n\t\t\t\t<div class=\"elementor-element elementor-element-6f68cb7b elementor-widget elementor-widget-text-editor\" data-id=\"6f68cb7b\" data-element_type=\"widget\" data-widget_type=\"text-editor.default\">\n\t\t\t\t<div class=\"elementor-widget-container\">\n\t\t\t<style>\/*! elementor - v3.21.0 - 24-04-2024 *\/\n.elementor-widget-text-editor.elementor-drop-cap-view-stacked .elementor-drop-cap{background-color:#69727d;color:#fff}.elementor-widget-text-editor.elementor-drop-cap-view-framed .elementor-drop-cap{color:#69727d;border:3px solid;background-color:transparent}.elementor-widget-text-editor:not(.elementor-drop-cap-view-default) .elementor-drop-cap{margin-top:8px}.elementor-widget-text-editor:not(.elementor-drop-cap-view-default) .elementor-drop-cap-letter{width:1em;height:1em}.elementor-widget-text-editor .elementor-drop-cap{float:left;text-align:center;line-height:1;font-size:50px}.elementor-widget-text-editor .elementor-drop-cap-letter{display:inline-block}<\/style>\t\t\t\t<p>Centro&nbsp; &#8211;&nbsp; Zona Sul&nbsp;&nbsp;<\/p>\n<p><span style=\"letter-spacing: 0px; word-spacing: 0em; background-color: transparent;\">Zona Norte&nbsp; &#8211;&nbsp; Zona Oeste<\/span><\/p>\t\t\t\t\t\t<\/div>\n\t\t\t\t<\/div>\n\t\t\t\t\t<\/div>\n\t\t\t\t<\/div>\n\t\t\t\t<\/div>\n\t\t","protected":false},"excerpt":{"rendered":"<p>Atendemos em todo Rio de Janeiro! &#8211; ABERTURA EM GERAL &#8211; INSTALA\u00c7\u00c3O DE FECHADURA &#8211; [&hellip;]<\/p>\n","protected":false},"author":1,"featured_media":0,"parent":0,"menu_order":0,"comment_status":"closed","ping_status":"closed","template":"elementor_canvas","meta":{"_joinchat":[]},"_links":{"self":[{"href":"https:\/\/fenixchaveiro24horas.com.br\/index.php?rest_route=\/wp\/v2\/pages\/11"}],"collection":[{"href":"https:\/\/fenixchaveiro24horas.com.br\/index.php?rest_route=\/wp\/v2\/pages"}],"about":[{"href":"https:\/\/fenixchaveiro24horas.com.br\/index.php?rest_route=\/wp\/v2\/types\/page"}],"author":[{"embeddable":true,"href":"https:\/\/fenixchaveiro24horas.com.br\/index.php?rest_route=\/wp\/v2\/users\/1"}],"replies":[{"embeddable":true,"href":"https:\/\/fenixchaveiro24horas.com.br\/index.php?rest_route=%2Fwp%2Fv2%2Fcomments&post=11"}],"version-history":[{"count":270,"href":"https:\/\/fenixchaveiro24horas.com.br\/index.php?rest_route=\/wp\/v2\/pages\/11\/revisions"}],"predecessor-version":[{"id":335,"href":"https:\/\/fenixchaveiro24horas.com.br\/index.php?rest_route=\/wp\/v2\/pages\/11\/revisions\/335"}],"wp:attachment":[{"href":"https:\/\/fenixchaveiro24horas.com.br\/index.php?rest_route=%2Fwp%2Fv2%2Fmedia&parent=11"}],"curies":[{"name":"wp","href":"https:\/\/api.w.org\/{rel}","templated":true}]}}